{"id":4738,"date":"2021-10-16T15:24:59","date_gmt":"2021-10-16T13:24:59","guid":{"rendered":"https:\/\/mpique-sa.es\/avis-legal\/"},"modified":"2026-03-24T09:46:55","modified_gmt":"2026-03-24T08:46:55","slug":"avis-legal","status":"publish","type":"page","link":"https:\/\/mpique-sa.es\/ca\/avis-legal\/","title":{"rendered":"Av\u00eds legal"},"content":{"rendered":"\t\t<div data-elementor-type=\"wp-page\" data-elementor-id=\"4738\" class=\"elementor elementor-4738 elementor-57\" data-elementor-post-type=\"page\">\n\t\t\t\t<div class=\"elementor-element elementor-element-664f328 e-flex e-con-boxed e-con e-parent\" data-id=\"664f328\" data-element_type=\"container\" data-e-type=\"container\">\n\t\t\t\t\t<div class=\"e-con-inner\">\n\t\t\t\t<div class=\"elementor-element elementor-element-39e90d5 elementor-widget elementor-widget-heading\" data-id=\"39e90d5\" data-element_type=\"widget\" data-e-type=\"widget\" data-widget_type=\"heading.default\">\n\t\t\t\t<div class=\"elementor-widget-container\">\n\t\t\t\t\t<h1 class=\"elementor-heading-title elementor-size-default\">AV\u00cdS LEGAL<\/h1>\t\t\t\t<\/div>\n\t\t\t\t<\/div>\n\t\t\t\t<div class=\"elementor-element elementor-element-d62ef6c elementor-widget elementor-widget-text-editor\" data-id=\"d62ef6c\" data-element_type=\"widget\" data-e-type=\"widget\" data-widget_type=\"text-editor.default\">\n\t\t\t\t<div class=\"elementor-widget-container\">\n\t\t\t\t\t\t\t\t\t<p align=\"JUSTIFY\"><b>1. Informaci\u00f3 general<\/b><\/p><p align=\"JUSTIFY\">En compliment del que disposa l&#8217;article 10 de la Llei 34\/2002, d&#8217;11 de juliol, de Serveis de la Societat de la Informaci\u00f3 i Comer\u00e7 Electr\u00f2nic (LSSICE), s&#8217;informa que el lloc web <a href=\"https:\/\/mpique-sa.es\/ca\/\"><b>https:\/\/mpique-sa.es<\/b><\/a> (d&#8217;ara endavant, el Lloc Web) \u00e9s titularitat de:<\/p><ul><li><p align=\"JUSTIFY\">Titular: <b>M. PIQUE CORREDUR\u00cdA T\u00c8CNICA D&#8217;ASSEGURANCES, SA<\/b><\/p><\/li><li><p align=\"JUSTIFY\">CIF: <b>A-58872573<\/b><\/p><\/li><li><p align=\"JUSTIFY\">Domicili social: <b>Av. Caresmar, 3, 08700 Igualada (Barcelona)<\/b><\/p><\/li><li><p align=\"JUSTIFY\">Tel\u00e8fon: <b>93 803 77 25<\/b><\/p><\/li><li><p align=\"JUSTIFY\">Correu electr\u00f2nic: <a href=\"mailto:mpique.seguros@mpique-sa.es\"><b>mpique.seguros@mpique-sa.es<\/b><\/a><\/p><\/li><li><p align=\"JUSTIFY\"><a name=\"Bookmark\"><\/a>  Inscripci\u00f3 al Registre Mercantil de Barcelona, \u200b\u200bfull B-69866, tom 24291, foli 219, Inscripci\u00f3 21.<\/p><\/li><li><p align=\"JUSTIFY\">Inscripci\u00f3 al Registre Administratiu Especial de Distribu\u00efdors d&#8217;Assegurances i Reassegurances de la Direcci\u00f3 General d&#8217;Assegurances i Fons de Pensions, amb clau J270.<\/p><\/li><\/ul><p align=\"JUSTIFY\">L&#8217;acc\u00e9s i l&#8217;\u00fas del Lloc Web atribueix la condici\u00f3 d&#8217;usuari (d&#8217;ara endavant, l&#8217;\u201cUsuari\u201d) i implica l&#8217;acceptaci\u00f3 plena i sense reserves de totes les disposicions d&#8217;aquest Av\u00eds Legal a la versi\u00f3 publicada al moment de l&#8217;acc\u00e9s.<\/p>\t\t\t\t\t\t\t\t<\/div>\n\t\t\t\t<\/div>\n\t\t\t\t<div class=\"elementor-element elementor-element-d84800c elementor-widget elementor-widget-text-editor\" data-id=\"d84800c\" data-element_type=\"widget\" data-e-type=\"widget\" data-widget_type=\"text-editor.default\">\n\t\t\t\t<div class=\"elementor-widget-container\">\n\t\t\t\t\t\t\t\t\t<p align=\"JUSTIFY\"><b>2. Objecte i \u00e0mbit daplicaci\u00f3<\/b><\/p><p align=\"JUSTIFY\">A trav\u00e9s del Lloc Web, la corredoria ofereix informaci\u00f3 sobre els seus serveis de mediaci\u00f3 d&#8217;assegurances, aix\u00ed com la possibilitat de sol\u00b7licitar informaci\u00f3 i, si escau, ofertes o propostes d&#8217;asseguran\u00e7a mitjan\u00e7ant formularis de contacte o altres mitjans.<\/p><p align=\"JUSTIFY\">Aquest Av\u00eds Legal regula l&#8217;acc\u00e9s, la navegaci\u00f3 i l&#8217;\u00fas del Lloc Web, sense perjudici que determinats serveis o continguts puguin estar subjectes a condicions particulars que, si escau, es posaran a disposici\u00f3 de l&#8217;Usuari.<\/p>\t\t\t\t\t\t\t\t<\/div>\n\t\t\t\t<\/div>\n\t\t\t\t<div class=\"elementor-element elementor-element-5e97f60 elementor-widget elementor-widget-text-editor\" data-id=\"5e97f60\" data-element_type=\"widget\" data-e-type=\"widget\" data-widget_type=\"text-editor.default\">\n\t\t\t\t<div class=\"elementor-widget-container\">\n\t\t\t\t\t\t\t\t\t<p align=\"JUSTIFY\"><b>3. Condicions d&#8217;\u00fas del Lloc Web<\/b><\/p><p align=\"JUSTIFY\">L&#8217;Usuari es compromet a utilitzar el Lloc Web i els seus continguts de conformitat amb la legislaci\u00f3 vigent, la bona fe, aquest Av\u00eds Legal i qualssevol altres condicions que siguin aplicables.<\/p><p align=\"JUSTIFY\">Queda prohibit, amb car\u00e0cter enunciatiu i no limitatiu:<\/p><ul><li><p align=\"JUSTIFY\">Utilitzar el Lloc Web amb fins il\u00b7l\u00edcits o lesius per als drets i interessos de la corredoria o de tercers.<\/p><\/li><li><p align=\"JUSTIFY\">Realitzar qualsevol acci\u00f3 que pugui danyar, inutilitzar, sobrecarregar o deteriorar el Lloc Web o impedir-ne la normal utilitzaci\u00f3.<\/p><\/li><li><p align=\"JUSTIFY\">Introduir o difondre virus inform\u00e0tics o qualssevol altres sistemes f\u00edsics o l\u00f2gics que siguin susceptibles de provocar danys als sistemes de la corredoria o de tercers.<\/p><\/li><\/ul><p align=\"JUSTIFY\">L&#8217;Usuari respondr\u00e0 davant de la corredoria i davant de tercers de qualsevol dany i perjudici que pogu\u00e9s causar com a conseq\u00fc\u00e8ncia de l&#8217;incompliment d&#8217;aquestes obligacions.<\/p>\t\t\t\t\t\t\t\t<\/div>\n\t\t\t\t<\/div>\n\t\t\t\t<div class=\"elementor-element elementor-element-fb82a45 elementor-widget elementor-widget-text-editor\" data-id=\"fb82a45\" data-element_type=\"widget\" data-e-type=\"widget\" data-widget_type=\"text-editor.default\">\n\t\t\t\t<div class=\"elementor-widget-container\">\n\t\t\t\t\t\t\t\t\t<p align=\"JUSTIFY\"><b>4. Propietat intel\u00b7lectual i industrial<\/b><\/p><p align=\"JUSTIFY\">Tots els continguts del Lloc Web (a t\u00edtol enunciatiu, textos, imatges, gr\u00e0fics, logotips, icones, programari, disseny gr\u00e0fic, codi font, etc.) s\u00f3n titularitat de la corredoria o de tercers que n&#8217;han autoritzat l&#8217;\u00fas, i estan protegits per la normativa de propietat intel\u00b7lectual i industrial.<\/p><p align=\"JUSTIFY\">En cap cas s&#8217;entendr\u00e0 que l&#8217;acc\u00e9s i la navegaci\u00f3 de l&#8217;Usuari impliquen ren\u00fancia, transmissi\u00f3, llic\u00e8ncia o cessi\u00f3 total ni parcial dels drets esmentats. Queda prohibida qualsevol reproducci\u00f3, distribuci\u00f3, comunicaci\u00f3 p\u00fablica, posada a disposici\u00f3, transformaci\u00f3 o qualsevol altra forma dexplotaci\u00f3, excepte autoritzaci\u00f3 expressa i per escrit de la corredoria o del titular dels drets corresponents. <\/p><p align=\"JUSTIFY\">L&#8217;usuari es compromet a respectar els drets de propietat intel\u00b7lectual i industrial vigents.<\/p>\t\t\t\t\t\t\t\t<\/div>\n\t\t\t\t<\/div>\n\t\t\t\t<div class=\"elementor-element elementor-element-ba01645 elementor-widget elementor-widget-text-editor\" data-id=\"ba01645\" data-element_type=\"widget\" data-e-type=\"widget\" data-widget_type=\"text-editor.default\">\n\t\t\t\t<div class=\"elementor-widget-container\">\n\t\t\t\t\t\t\t\t\t<p align=\"JUSTIFY\"><b>5. Enlla\u00e7os (links)<\/b><\/p><p align=\"JUSTIFY\">El lloc web pot contenir enlla\u00e7os a llocs web de tercers. Aquests enlla\u00e7os es faciliten \u00fanicament per a la comoditat de l&#8217;Usuari i no impliquen que la corredoria doni suport, garanteixi o recomani els continguts d&#8217;aquests llocs. <\/p><p align=\"JUSTIFY\">La corredoria no assumeix cap responsabilitat pels continguts, informacions, serveis o qualsevol altre material existent en llocs web enlla\u00e7ats, ni pels danys o p\u00e8rdues que es puguin derivar del seu \u00fas.<\/p><p align=\"JUSTIFY\">Qualsevol enlla\u00e7 de tercers al Lloc Web haur\u00e0 de realitzar-se a la p\u00e0gina principal oa aquelles altres que la corredoria autoritzi expressament, i queda prohibit l&#8217;\u00fas de marcs (frames) o qualsevol altre mecanisme que pugui induir a error o confusi\u00f3 sobre l&#8217;origen del contingut.<\/p>\t\t\t\t\t\t\t\t<\/div>\n\t\t\t\t<\/div>\n\t\t\t\t<div class=\"elementor-element elementor-element-c66deae elementor-widget elementor-widget-text-editor\" data-id=\"c66deae\" data-element_type=\"widget\" data-e-type=\"widget\" data-widget_type=\"text-editor.default\">\n\t\t\t\t<div class=\"elementor-widget-container\">\n\t\t\t\t\t\t\t\t\t<p align=\"JUSTIFY\"><b>6. Exclusi\u00f3 de garanties i responsabilitat<\/b><\/p><p align=\"JUSTIFY\">La corredoria s&#8217;esfor\u00e7a perqu\u00e8 la informaci\u00f3 continguda al Lloc Web sigui exacta i estigui actualitzada; tanmateix, el contingut t\u00e9 car\u00e0cter merament informatiu i no constitueix assessorament assegurador o jur\u00eddic individualitzat.<\/p><p align=\"JUSTIFY\">En la mesura permesa per la normativa aplicable, s&#8217;exclou qualsevol responsabilitat per:<\/p><ul><li><p align=\"JUSTIFY\">La manca de disponibilitat, continu\u00eftat o correcte funcionament del Lloc Web.<\/p><\/li><li><p align=\"JUSTIFY\">Errors o omissions en els continguts, aix\u00ed com la manca d&#8217;exactitud, exhaustivitat o actualitat.<\/p><\/li><li><p align=\"JUSTIFY\">La pres\u00e8ncia de virus o altres elements nocius introdu\u00efts per tercers que puguin produir alteracions als sistemes inform\u00e0tics, documents electr\u00f2nics o fitxers de l&#8217;Usuari.<\/p><\/li><\/ul><p align=\"JUSTIFY\">L&#8217;Usuari \u00e9s responsable de disposar de les eines adequades per a la detecci\u00f3 i desinfecci\u00f3 de programes inform\u00e0tics perjudicials.<\/p>\t\t\t\t\t\t\t\t<\/div>\n\t\t\t\t<\/div>\n\t\t\t\t<div class=\"elementor-element elementor-element-84dcc53 elementor-widget elementor-widget-text-editor\" data-id=\"84dcc53\" data-element_type=\"widget\" data-e-type=\"widget\" data-widget_type=\"text-editor.default\">\n\t\t\t\t<div class=\"elementor-widget-container\">\n\t\t\t\t\t\t\t\t\t<p align=\"JUSTIFY\"><b>7. Pol\u00edtica de privadesa i protecci\u00f3 de dades<\/b><\/p><p align=\"JUSTIFY\">El tractament de les dades personals de l&#8217;Usuari es regir\u00e0 pel que disposa la <a href=\"https:\/\/mpique-sa.es\/ca\/politica-de-privadesa\/\" target=\"_blank\" rel=\"noopener\"><b>Pol\u00edtica de Privadesa<\/b><\/a> de la corredoria, accessible en tot moment a trav\u00e9s del Lloc Web.<\/p><p align=\"JUSTIFY\">En particular, quan l&#8217;Usuari faciliti les seves dades mitjan\u00e7ant formularis de contacte o qualsevol altre mitj\u00e0 habilitat, aquestes dades seran tractades d&#8217;acord amb la informaci\u00f3 b\u00e0sica i addicional de protecci\u00f3 de dades que es posi a la vostra disposici\u00f3 en cada cas i que haur\u00e0 de llegir i, si escau, acceptar.<\/p>\t\t\t\t\t\t\t\t<\/div>\n\t\t\t\t<\/div>\n\t\t\t\t<div class=\"elementor-element elementor-element-0bc1c31 elementor-widget elementor-widget-text-editor\" data-id=\"0bc1c31\" data-element_type=\"widget\" data-e-type=\"widget\" data-widget_type=\"text-editor.default\">\n\t\t\t\t<div class=\"elementor-widget-container\">\n\t\t\t\t\t\t\t\t\t<p align=\"JUSTIFY\"><b>8. \u00das de cookies<\/b><\/p><p align=\"JUSTIFY\">El Lloc Web pot utilitzar galetes i tecnologies similars. La instal\u00b7laci\u00f3 i \u00fas d&#8217;aquestes cookies es regeix per la <a href=\"https:\/\/mpique-sa.es\/ca\/politica-de-cookies\/\" target=\"_blank\" rel=\"noopener\"><b>Pol\u00edtica de Cookies<\/b><\/a> , que est\u00e0 disponible per a l&#8217;Usuari al Lloc Web i que recomanem consultar per con\u00e8ixer detalladament les cookies utilitzades, les seves finalitats i les opcions de configuraci\u00f3. <\/p>\t\t\t\t\t\t\t\t<\/div>\n\t\t\t\t<\/div>\n\t\t\t\t<div class=\"elementor-element elementor-element-18744d8 elementor-widget elementor-widget-text-editor\" data-id=\"18744d8\" data-element_type=\"widget\" data-e-type=\"widget\" data-widget_type=\"text-editor.default\">\n\t\t\t\t<div class=\"elementor-widget-container\">\n\t\t\t\t\t\t\t\t\t<p align=\"JUSTIFY\"><b>9. Comunicacions comercials<\/b><\/p><p align=\"JUSTIFY\">En cas que a trav\u00e9s del Lloc Web es demanin adreces de correu electr\u00f2nic o altres dades de contacte per a l&#8217;enviament de comunicacions comercials, el seu \u00fas s&#8217;ajustar\u00e0 al que disposa la normativa sobre serveis de la societat de la informaci\u00f3 i protecci\u00f3 de dades.<\/p><p align=\"JUSTIFY\">L&#8217;Usuari podr\u00e0 oposar-se en qualsevol moment a l&#8217;enviament de comunicacions comercials seguint les instruccions que s&#8217;incloguin a cada missatge o dirigint una sol\u00b7licitud a les dades de contacte indicades a l&#8217;apartat 1.<\/p>\t\t\t\t\t\t\t\t<\/div>\n\t\t\t\t<\/div>\n\t\t\t\t<div class=\"elementor-element elementor-element-c81b633 elementor-widget elementor-widget-text-editor\" data-id=\"c81b633\" data-element_type=\"widget\" data-e-type=\"widget\" data-widget_type=\"text-editor.default\">\n\t\t\t\t<div class=\"elementor-widget-container\">\n\t\t\t\t\t\t\t\t\t<p align=\"JUSTIFY\"><b>10. Menors d&#8217;edat<\/b><\/p><p align=\"JUSTIFY\">Els continguts i serveis del Lloc Web no van dirigits espec\u00edficament a menors de 14 anys. En cas que la corredoria tingui coneixement que s&#8217;han recollit dades personals de menors sense consentiment v\u00e0lid, es procedir\u00e0 a suprimir-les d&#8217;acord amb la Pol\u00edtica de Privadesa. <\/p>\t\t\t\t\t\t\t\t<\/div>\n\t\t\t\t<\/div>\n\t\t\t\t<div class=\"elementor-element elementor-element-f2007fa elementor-widget elementor-widget-text-editor\" data-id=\"f2007fa\" data-element_type=\"widget\" data-e-type=\"widget\" data-widget_type=\"text-editor.default\">\n\t\t\t\t<div class=\"elementor-widget-container\">\n\t\t\t\t\t\t\t\t\t<p align=\"JUSTIFY\"><b>11. Legislaci\u00f3 aplicable i jurisdicci\u00f3<\/b><\/p><p align=\"JUSTIFY\">Aquest Av\u00eds Legal es regeix per la legislaci\u00f3 espanyola. Per a qualsevol controv\u00e8rsia que pogu\u00e9s derivar-se de l&#8217;acc\u00e9s o \u00fas del Lloc Web, les parts se sotmeten, amb ren\u00fancia expressa a qualsevol altre fur que els pogu\u00e9s correspondre, als Jutjats i Tribunals de Barcelona, \u200b\u200bllevat que la normativa de consumidors i usuaris estableixi un altre fur imperatiu. <\/p>\t\t\t\t\t\t\t\t<\/div>\n\t\t\t\t<\/div>\n\t\t\t\t\t<\/div>\n\t\t\t\t<\/div>\n\t\t\t\t<\/div>\n\t\t","protected":false},"excerpt":{"rendered":"<p>AV\u00cdS LEGAL 1. Informaci\u00f3 general En compliment del que disposa l&#8217;article 10 de la Llei 34\/2002, d&#8217;11 de juliol, de Serveis de la Societat de la Informaci\u00f3 i Comer\u00e7 Electr\u00f2nic (LSSICE), s&#8217;informa que el lloc web https:\/\/mpique-sa.es (d&#8217;ara endavant, el Lloc Web) \u00e9s titularitat de: Titular: M. PIQUE CORREDUR\u00cdA T\u00c8CNICA D&#8217;ASSEGURANCES, SA CIF: A-58872573 Domicili [&hellip;]<\/p>\n","protected":false},"author":3,"featured_media":0,"parent":0,"menu_order":0,"comment_status":"closed","ping_status":"closed","template":"elementor_header_footer","meta":{"_acf_changed":false,"inline_featured_image":false,"footnotes":""},"class_list":["post-4738","page","type-page","status-publish","hentry"],"acf":[],"yoast_head":"<!-- This site is optimized with the Yoast SEO plugin v27.4 - https:\/\/yoast.com\/product\/yoast-seo-wordpress\/ -->\n<title>\u25b7Av\u00eds legal - \u3010 M Piqu\u00e9 SA | Corredur\u00eda de seguros \u3011<\/title>\n<meta name=\"description\" content=\"AV\u00cdS LEGAL 1. Informaci\u00f3 generalEn compliment del que disposa l&#039;article 10 de la Llei 34\/2002, d&#039;11 de juliol, de Serveis de la Societat de la Informaci\u00f3 \u2713\" \/>\n<meta name=\"robots\" content=\"noindex, nofollow\" \/>\n<meta property=\"og:locale\" content=\"ca_ES\" \/>\n<meta property=\"og:type\" content=\"article\" \/>\n<meta property=\"og:title\" content=\"\u25b7Av\u00eds legal - \u3010 M Piqu\u00e9 SA | Corredur\u00eda de seguros \u3011\" \/>\n<meta property=\"og:description\" content=\"AV\u00cdS LEGAL 1. Informaci\u00f3 generalEn compliment del que disposa l&#039;article 10 de la Llei 34\/2002, d&#039;11 de juliol, de Serveis de la Societat de la Informaci\u00f3 \u2713\" \/>\n<meta property=\"og:url\" content=\"https:\/\/mpique-sa.es\/ca\/avis-legal\/\" \/>\n<meta property=\"og:site_name\" content=\"M Piqu\u00e9 SA | Corredur\u00eda de seguros\" \/>\n<meta property=\"article:modified_time\" content=\"2026-03-24T08:46:55+00:00\" \/>\n<meta name=\"twitter:card\" content=\"summary_large_image\" \/>\n<meta name=\"twitter:label1\" content=\"Temps estimat de lectura\" \/>\n\t<meta name=\"twitter:data1\" content=\"5 minuts\" \/>\n<script type=\"application\/ld+json\" class=\"yoast-schema-graph\">{\"@context\":\"https:\\\/\\\/schema.org\",\"@graph\":[{\"@type\":\"WebPage\",\"@id\":\"https:\\\/\\\/mpique-sa.es\\\/ca\\\/avis-legal\\\/\",\"url\":\"https:\\\/\\\/mpique-sa.es\\\/ca\\\/avis-legal\\\/\",\"name\":\"\u25b7Av\u00eds legal - \u3010 M Piqu\u00e9 SA | Corredur\u00eda de seguros \u3011\",\"isPartOf\":{\"@id\":\"https:\\\/\\\/mpique-sa.es\\\/#website\"},\"datePublished\":\"2021-10-16T13:24:59+00:00\",\"dateModified\":\"2026-03-24T08:46:55+00:00\",\"description\":\"AV\u00cdS LEGAL 1. Informaci\u00f3 generalEn compliment del que disposa l'article 10 de la Llei 34\\\/2002, d'11 de juliol, de Serveis de la Societat de la Informaci\u00f3 \u2713\",\"breadcrumb\":{\"@id\":\"https:\\\/\\\/mpique-sa.es\\\/ca\\\/avis-legal\\\/#breadcrumb\"},\"inLanguage\":\"ca\",\"potentialAction\":[{\"@type\":\"ReadAction\",\"target\":[\"https:\\\/\\\/mpique-sa.es\\\/ca\\\/avis-legal\\\/\"]}]},{\"@type\":\"BreadcrumbList\",\"@id\":\"https:\\\/\\\/mpique-sa.es\\\/ca\\\/avis-legal\\\/#breadcrumb\",\"itemListElement\":[{\"@type\":\"ListItem\",\"position\":1,\"name\":\"Portada\",\"item\":\"https:\\\/\\\/mpique-sa.es\\\/ca\\\/inici\\\/\"},{\"@type\":\"ListItem\",\"position\":2,\"name\":\"Av\u00eds legal\"}]},{\"@type\":\"WebSite\",\"@id\":\"https:\\\/\\\/mpique-sa.es\\\/#website\",\"url\":\"https:\\\/\\\/mpique-sa.es\\\/\",\"name\":\"M Piqu\u00e9 SA | Corredur\u00eda de seguros\",\"description\":\"\",\"publisher\":{\"@id\":\"https:\\\/\\\/mpique-sa.es\\\/#organization\"},\"potentialAction\":[{\"@type\":\"SearchAction\",\"target\":{\"@type\":\"EntryPoint\",\"urlTemplate\":\"https:\\\/\\\/mpique-sa.es\\\/?s={search_term_string}\"},\"query-input\":{\"@type\":\"PropertyValueSpecification\",\"valueRequired\":true,\"valueName\":\"search_term_string\"}}],\"inLanguage\":\"ca\"},{\"@type\":\"Organization\",\"@id\":\"https:\\\/\\\/mpique-sa.es\\\/#organization\",\"name\":\"M Piqu\u00e9 SA | Corredur\u00eda de seguros\",\"url\":\"https:\\\/\\\/mpique-sa.es\\\/\",\"logo\":{\"@type\":\"ImageObject\",\"inLanguage\":\"ca\",\"@id\":\"https:\\\/\\\/mpique-sa.es\\\/#\\\/schema\\\/logo\\\/image\\\/\",\"url\":\"https:\\\/\\\/mpique-sa.es\\\/wp-content\\\/uploads\\\/2021\\\/10\\\/Captura-de-pantalla-2025-09-08-a-las-12.41.59-1.svg\",\"contentUrl\":\"https:\\\/\\\/mpique-sa.es\\\/wp-content\\\/uploads\\\/2021\\\/10\\\/Captura-de-pantalla-2025-09-08-a-las-12.41.59-1.svg\",\"width\":200,\"height\":68,\"caption\":\"M Piqu\u00e9 SA | Corredur\u00eda de seguros\"},\"image\":{\"@id\":\"https:\\\/\\\/mpique-sa.es\\\/#\\\/schema\\\/logo\\\/image\\\/\"}}]}<\/script>\n<!-- \/ Yoast SEO plugin. -->","yoast_head_json":{"title":"\u25b7Av\u00eds legal - \u3010 M Piqu\u00e9 SA | Corredur\u00eda de seguros \u3011","description":"AV\u00cdS LEGAL 1. Informaci\u00f3 generalEn compliment del que disposa l'article 10 de la Llei 34\/2002, d'11 de juliol, de Serveis de la Societat de la Informaci\u00f3 \u2713","robots":{"index":"noindex","follow":"nofollow"},"og_locale":"ca_ES","og_type":"article","og_title":"\u25b7Av\u00eds legal - \u3010 M Piqu\u00e9 SA | Corredur\u00eda de seguros \u3011","og_description":"AV\u00cdS LEGAL 1. Informaci\u00f3 generalEn compliment del que disposa l'article 10 de la Llei 34\/2002, d'11 de juliol, de Serveis de la Societat de la Informaci\u00f3 \u2713","og_url":"https:\/\/mpique-sa.es\/ca\/avis-legal\/","og_site_name":"M Piqu\u00e9 SA | Corredur\u00eda de seguros","article_modified_time":"2026-03-24T08:46:55+00:00","twitter_card":"summary_large_image","twitter_misc":{"Temps estimat de lectura":"5 minuts"},"schema":{"@context":"https:\/\/schema.org","@graph":[{"@type":"WebPage","@id":"https:\/\/mpique-sa.es\/ca\/avis-legal\/","url":"https:\/\/mpique-sa.es\/ca\/avis-legal\/","name":"\u25b7Av\u00eds legal - \u3010 M Piqu\u00e9 SA | Corredur\u00eda de seguros \u3011","isPartOf":{"@id":"https:\/\/mpique-sa.es\/#website"},"datePublished":"2021-10-16T13:24:59+00:00","dateModified":"2026-03-24T08:46:55+00:00","description":"AV\u00cdS LEGAL 1. Informaci\u00f3 generalEn compliment del que disposa l'article 10 de la Llei 34\/2002, d'11 de juliol, de Serveis de la Societat de la Informaci\u00f3 \u2713","breadcrumb":{"@id":"https:\/\/mpique-sa.es\/ca\/avis-legal\/#breadcrumb"},"inLanguage":"ca","potentialAction":[{"@type":"ReadAction","target":["https:\/\/mpique-sa.es\/ca\/avis-legal\/"]}]},{"@type":"BreadcrumbList","@id":"https:\/\/mpique-sa.es\/ca\/avis-legal\/#breadcrumb","itemListElement":[{"@type":"ListItem","position":1,"name":"Portada","item":"https:\/\/mpique-sa.es\/ca\/inici\/"},{"@type":"ListItem","position":2,"name":"Av\u00eds legal"}]},{"@type":"WebSite","@id":"https:\/\/mpique-sa.es\/#website","url":"https:\/\/mpique-sa.es\/","name":"M Piqu\u00e9 SA | Corredur\u00eda de seguros","description":"","publisher":{"@id":"https:\/\/mpique-sa.es\/#organization"},"potentialAction":[{"@type":"SearchAction","target":{"@type":"EntryPoint","urlTemplate":"https:\/\/mpique-sa.es\/?s={search_term_string}"},"query-input":{"@type":"PropertyValueSpecification","valueRequired":true,"valueName":"search_term_string"}}],"inLanguage":"ca"},{"@type":"Organization","@id":"https:\/\/mpique-sa.es\/#organization","name":"M Piqu\u00e9 SA | Corredur\u00eda de seguros","url":"https:\/\/mpique-sa.es\/","logo":{"@type":"ImageObject","inLanguage":"ca","@id":"https:\/\/mpique-sa.es\/#\/schema\/logo\/image\/","url":"https:\/\/mpique-sa.es\/wp-content\/uploads\/2021\/10\/Captura-de-pantalla-2025-09-08-a-las-12.41.59-1.svg","contentUrl":"https:\/\/mpique-sa.es\/wp-content\/uploads\/2021\/10\/Captura-de-pantalla-2025-09-08-a-las-12.41.59-1.svg","width":200,"height":68,"caption":"M Piqu\u00e9 SA | Corredur\u00eda de seguros"},"image":{"@id":"https:\/\/mpique-sa.es\/#\/schema\/logo\/image\/"}}]}},"_links":{"self":[{"href":"https:\/\/mpique-sa.es\/ca\/wp-json\/wp\/v2\/pages\/4738","targetHints":{"allow":["GET"]}}],"collection":[{"href":"https:\/\/mpique-sa.es\/ca\/wp-json\/wp\/v2\/pages"}],"about":[{"href":"https:\/\/mpique-sa.es\/ca\/wp-json\/wp\/v2\/types\/page"}],"author":[{"embeddable":true,"href":"https:\/\/mpique-sa.es\/ca\/wp-json\/wp\/v2\/users\/3"}],"replies":[{"embeddable":true,"href":"https:\/\/mpique-sa.es\/ca\/wp-json\/wp\/v2\/comments?post=4738"}],"version-history":[{"count":2,"href":"https:\/\/mpique-sa.es\/ca\/wp-json\/wp\/v2\/pages\/4738\/revisions"}],"predecessor-version":[{"id":5340,"href":"https:\/\/mpique-sa.es\/ca\/wp-json\/wp\/v2\/pages\/4738\/revisions\/5340"}],"wp:attachment":[{"href":"https:\/\/mpique-sa.es\/ca\/wp-json\/wp\/v2\/media?parent=4738"}],"curies":[{"name":"wp","href":"https:\/\/api.w.org\/{rel}","templated":true}]}}