{"id":5333,"date":"2026-03-24T09:38:59","date_gmt":"2026-03-24T08:38:59","guid":{"rendered":"https:\/\/mpique-sa.es\/politica-de-transparencia\/"},"modified":"2026-03-24T09:46:02","modified_gmt":"2026-03-24T08:46:02","slug":"politica-de-transparencia","status":"publish","type":"page","link":"https:\/\/mpique-sa.es\/ca\/politica-de-transparencia\/","title":{"rendered":"Pol\u00edtica de transpar\u00e8ncia"},"content":{"rendered":"\t\t<div data-elementor-type=\"wp-page\" data-elementor-id=\"5333\" class=\"elementor elementor-5333 elementor-5325\" data-elementor-post-type=\"page\">\n\t\t\t\t<div class=\"elementor-element elementor-element-a679816 e-flex e-con-boxed e-con e-parent\" data-id=\"a679816\" data-element_type=\"container\" data-e-type=\"container\">\n\t\t\t\t\t<div class=\"e-con-inner\">\n\t\t\t\t<div class=\"elementor-element elementor-element-5e7fd54 elementor-widget elementor-widget-heading\" data-id=\"5e7fd54\" data-element_type=\"widget\" data-e-type=\"widget\" data-widget_type=\"heading.default\">\n\t\t\t\t<div class=\"elementor-widget-container\">\n\t\t\t\t\t<h1 class=\"elementor-heading-title elementor-size-default\">POL\u00cdTICA DE TRANSPAR\u00c8NCIA<\/h1>\t\t\t\t<\/div>\n\t\t\t\t<\/div>\n\t\t\t\t<div class=\"elementor-element elementor-element-f3ec423 elementor-widget elementor-widget-text-editor\" data-id=\"f3ec423\" data-element_type=\"widget\" data-e-type=\"widget\" data-widget_type=\"text-editor.default\">\n\t\t\t\t<div class=\"elementor-widget-container\">\n\t\t\t\t\t\t\t\t\t<p align=\"JUSTIFY\">L&#8217;activitat professional de les corredories d&#8217;assegurances est\u00e0 regulada pel <b>Reial decret llei 3\/2020<\/b> , que transposa la Directiva (UE) 2016\/97 sobre la distribuci\u00f3 d&#8217;assegurances, i per la resta de normativa de supervisi\u00f3 i ordenaci\u00f3 de l&#8217;asseguran\u00e7a privada, garantint la protecci\u00f3 dels drets dels clients.<\/p><p align=\"JUSTIFY\">Aquesta Pol\u00edtica de Transpar\u00e8ncia t\u00e9 per objecte informar els usuaris i clients sobre com M. PIQUE CORREDUR\u00cdA T\u00c8CNICA D&#8217;ASSEGURANCES, SA desenvolupa la seva activitat de mediaci\u00f3 d&#8217;assegurances de manera <b>independent, imparcial i transparent<\/b> .<\/p>\t\t\t\t\t\t\t\t<\/div>\n\t\t\t\t<\/div>\n\t\t\t\t<div class=\"elementor-element elementor-element-eb6a2ea elementor-widget elementor-widget-text-editor\" data-id=\"eb6a2ea\" data-element_type=\"widget\" data-e-type=\"widget\" data-widget_type=\"text-editor.default\">\n\t\t\t\t<div class=\"elementor-widget-container\">\n\t\t\t\t\t\t\t\t\t<p align=\"JUSTIFY\"><b>1. Dades de la corredoria<\/b><\/p><ul><li><p align=\"JUSTIFY\">Denominaci\u00f3 social: <b>M. PIQUE CORREDUR\u00cdA T\u00c8CNICA D&#8217;ASSEGURANCES, SA<\/b><\/p><\/li><li><p align=\"JUSTIFY\">CIF: <b>A-58872573<\/b><\/p><\/li><li><p align=\"JUSTIFY\">Domicili social: <b>Av. Caresmar, 3, 08700 Igualada (Barcelona)<\/b><\/p><\/li><li><p align=\"JUSTIFY\">Tel\u00e8fon: <b>93 803 77 25<\/b><\/p><\/li><li><p align=\"JUSTIFY\">E-mail: <a href=\"mailto:mpique.seguros@mpique-sa.es\"><b>mpique.seguros@mpique-sa.es<\/b><\/a><\/p><\/li><li><p>Inscrita en el Registre Mercantil de Barcelona, \u200b\u200bfull B-69866, tom 24291, foli 219, Inscripci\u00f3 21.<\/p><\/li><li><p align=\"JUSTIFY\">Inscrita en el <b>Registre administratiu especial de distribu\u00efdors dassegurances i reassegurances<\/b> de la Direcci\u00f3 General dAssegurances i Fons de Pensions (DGSFP) amb la clau J270.<\/p><\/li><li><p align=\"JUSTIFY\">Disposa de <b>p\u00f2lissa de Responsabilitat Civil Professional<\/b> i de la <b>capacitat financera<\/b> exigides per la normativa de distribuci\u00f3 dassegurances.<\/p><\/li><\/ul><p align=\"JUSTIFY\">La inscripci\u00f3 es pot comprovar a la web de la DGSFP: <a href=\"https:\/\/www.dgsfp.mineco.gob.es.\/\">https:\/\/www.dgsfp.mineco.gob.es.<\/a> [ <a href=\"https:\/\/dgsfp.mineco.gob.es\/es\/Paginas\/Protecci%C3%B3n-de-datos.aspx\">dgsfp.mineco.gob<\/a> ]<\/p>\t\t\t\t\t\t\t\t<\/div>\n\t\t\t\t<\/div>\n\t\t\t\t<div class=\"elementor-element elementor-element-5dc7b66 elementor-widget elementor-widget-text-editor\" data-id=\"5dc7b66\" data-element_type=\"widget\" data-e-type=\"widget\" data-widget_type=\"text-editor.default\">\n\t\t\t\t<div class=\"elementor-widget-container\">\n\t\t\t\t\t\t\t\t\t<p align=\"JUSTIFY\"><b>2. Naturalesa de la nostra activitat de distribuci\u00f3<\/b><\/p><p align=\"JUSTIFY\">M. PIQUE CORREDUR\u00cdA T\u00c8CNICA D&#8217;ASSEGURANCES, SA actua com <b>a corredoria d&#8217;assegurances<\/b> , la qual cosa implica:<\/p><ul><li><p align=\"JUSTIFY\">Que presta un servei de mediaci\u00f3 dassegurances de forma <b>independent<\/b> , sense mantenir vincles dexclusivitat amb entitats asseguradores concretes.<\/p><\/li><li><p align=\"JUSTIFY\">Que est\u00e0 obligada a <b>oferir un assessorament basat en una an\u00e0lisi objectiu<\/b> d&#8217;un nombre suficient de contractes d&#8217;asseguran\u00e7a disponibles al mercat, adequat a les necessitats del client.<\/p><\/li><li><p align=\"JUSTIFY\">Que la seva recomanaci\u00f3 es realitza <b>en inter\u00e8s del client<\/b> , despr\u00e9s d&#8217;una avaluaci\u00f3 de les demandes i necessitats.<\/p><\/li><\/ul>\t\t\t\t\t\t\t\t<\/div>\n\t\t\t\t<\/div>\n\t\t\t\t<div class=\"elementor-element elementor-element-3bd90f5 elementor-widget elementor-widget-text-editor\" data-id=\"3bd90f5\" data-element_type=\"widget\" data-e-type=\"widget\" data-widget_type=\"text-editor.default\">\n\t\t\t\t<div class=\"elementor-widget-container\">\n\t\t\t\t\t\t\t\t\t<p align=\"JUSTIFY\"><b>3. Criteris de selecci\u00f3 i comparaci\u00f3 de productes<\/b><\/p><p align=\"JUSTIFY\">En l&#8217;exercici de l&#8217;activitat de mediaci\u00f3 d&#8217;assegurances, la corredoria aplica els criteris de transpar\u00e8ncia seg\u00fcents:<\/p><ul><li><p align=\"JUSTIFY\">Analitzar les <b>demandes i les necessitats<\/b> del client mitjan\u00e7ant la recollida d&#8217;informaci\u00f3 suficient sobre la seva situaci\u00f3, riscos a cobrir i objectius.<\/p><\/li><li><p align=\"JUSTIFY\">Sol\u00b7licitar i comparar ofertes d&#8217;un <b>nombre suficient d&#8217;entitats asseguradores<\/b> amb qu\u00e8 mant\u00e9 relaci\u00f3 de distribuci\u00f3, valorant, entre altres factors:<\/p><ul><li><p align=\"JUSTIFY\">Cobertures i exclusions.<\/p><\/li><li><p align=\"JUSTIFY\">L\u00edmits i franqu\u00edcies.<\/p><\/li><li><p align=\"JUSTIFY\">Cosines i condicions econ\u00f2miques.<\/p><\/li><li><p align=\"JUSTIFY\">Solv\u00e8ncia i servei de les entitats asseguradores (gesti\u00f3 de sinistres, atenci\u00f3 al client, etc.).<\/p><\/li><\/ul><\/li><li><p align=\"JUSTIFY\">Formular recomanacions per escrit quan aix\u00ed ho exigeixi la normativa, indicant les raons que justifiquen la proposta en relaci\u00f3 amb les demandes i necessitats del client.<\/p><\/li><\/ul><p align=\"JUSTIFY\">La corredoria <b>no es limita a presentar un \u00fanic producte<\/b> , llevat que aix\u00ed s&#8217;indiqui expressament i el client ho accepti, o hi concorrin circumst\u00e0ncies que ho justifiquin (ex. producte espec\u00edfic).<\/p>\t\t\t\t\t\t\t\t<\/div>\n\t\t\t\t<\/div>\n\t\t\t\t<div class=\"elementor-element elementor-element-8c96088 elementor-widget elementor-widget-text-editor\" data-id=\"8c96088\" data-element_type=\"widget\" data-e-type=\"widget\" data-widget_type=\"text-editor.default\">\n\t\t\t\t<div class=\"elementor-widget-container\">\n\t\t\t\t\t\t\t\t\t<p align=\"JUSTIFY\"><b>4. Entitats asseguradores amb qu\u00e8 treballem<\/b><\/p><p align=\"JUSTIFY\">Amb car\u00e0cter general, M. PIQUE CORREDUR\u00cdA T\u00c8CNICA D&#8217;ASSEGURANCES, SA treballa amb un conjunt d&#8217;entitats asseguradores seleccionades en funci\u00f3 de criteris de solv\u00e8ncia, qualitat de servei i adequaci\u00f3 de productes.<\/p><p align=\"JUSTIFY\">La relaci\u00f3 actualitzada d&#8217;asseguradores amb qu\u00e8 es treballa habitualment es troba a disposici\u00f3 dels clients i es pot facilitar pr\u00e8via sol\u00b7licitud, i\/o consultar-se a les nostres oficines.<\/p>\t\t\t\t\t\t\t\t<\/div>\n\t\t\t\t<\/div>\n\t\t\t\t<div class=\"elementor-element elementor-element-274b101 elementor-widget elementor-widget-text-editor\" data-id=\"274b101\" data-element_type=\"widget\" data-e-type=\"widget\" data-widget_type=\"text-editor.default\">\n\t\t\t\t<div class=\"elementor-widget-container\">\n\t\t\t\t\t\t\t\t\t<p align=\"JUSTIFY\"><b>5. Naturalesa de la remuneraci\u00f3<\/b><\/p><p align=\"JUSTIFY\">Per la seva activitat de distribuci\u00f3, la corredoria pot percebre les remuneracions seg\u00fcents, d&#8217;acord amb el Reial decret llei 3\/2020:<\/p><ul><li><p align=\"JUSTIFY\"><b>Comissions de les entitats asseguradores<\/b> , incloses a la prima de l&#8217;asseguran\u00e7a.<\/p><\/li><li><p align=\"JUSTIFY\"><b>Honoraris professionals directes<\/b> abonats pel client, en aquells casos en qu\u00e8 aix\u00ed es pacti expressament (per exemple, serveis de consultoria o an\u00e0lisi de riscos no vinculats a una contractaci\u00f3 concreta).<\/p><\/li><\/ul><p align=\"JUSTIFY\">En tot cas:<\/p><ul><li><p align=\"JUSTIFY\">Abans de la contractaci\u00f3, s&#8217;informar\u00e0 el client sobre la <b>naturalesa de la remuneraci\u00f3<\/b> percebuda per la corredoria (si escau de l&#8217;asseguradora, del client o d&#8217;ambd\u00f3s, i sobre el tipus).<\/p><\/li><li><p align=\"JUSTIFY\">Quan hi hagi <b>honoraris a c\u00e0rrec del client<\/b> , aquests es pactaran pr\u00e8viament de forma clara i es reflectiran per escrit.<\/p><\/li><\/ul><p align=\"JUSTIFY\">La percepci\u00f3 de comissions d\u201fasseguradores <b>no condiciona<\/b> el deure de la corredoria d\u201factuar en inter\u00e8s del client ni la seva obligaci\u00f3 d\u201foferir un assessorament basat en una an\u00e0lisi objectiva.<\/p>\t\t\t\t\t\t\t\t<\/div>\n\t\t\t\t<\/div>\n\t\t\t\t<div class=\"elementor-element elementor-element-c6901cb elementor-widget elementor-widget-text-editor\" data-id=\"c6901cb\" data-element_type=\"widget\" data-e-type=\"widget\" data-widget_type=\"text-editor.default\">\n\t\t\t\t<div class=\"elementor-widget-container\">\n\t\t\t\t\t\t\t\t\t<p align=\"JUSTIFY\"><b>6. Conflictes d&#8217;interessos<\/b><\/p><p align=\"JUSTIFY\">La corredoria disposa de <b>procediments interns<\/b> per identificar, prevenir i, si escau, gestionar els possibles conflictes d&#8217;interessos que puguin sorgir entre:<\/p><ul><li><p align=\"JUSTIFY\">La corredoria (i els seus empleats) i els seus clients.<\/p><\/li><li><p align=\"JUSTIFY\">Diferents clients entre si.<\/p><\/li><\/ul><p align=\"JUSTIFY\">Quan no sigui possible evitar un conflicte d&#8217;interessos, s&#8217;informar\u00e0 el client de manera clara amb car\u00e0cter previ a la prestaci\u00f3 del servei de mediaci\u00f3 perqu\u00e8 pugui prendre una decisi\u00f3 fundada sobre la contractaci\u00f3.<\/p>\t\t\t\t\t\t\t\t<\/div>\n\t\t\t\t<\/div>\n\t\t\t\t<div class=\"elementor-element elementor-element-50fb7c9 elementor-widget elementor-widget-text-editor\" data-id=\"50fb7c9\" data-element_type=\"widget\" data-e-type=\"widget\" data-widget_type=\"text-editor.default\">\n\t\t\t\t<div class=\"elementor-widget-container\">\n\t\t\t\t\t\t\t\t\t<p align=\"JUSTIFY\"><b>7. Informaci\u00f3 i documentaci\u00f3 precontractual<\/b><\/p><p align=\"JUSTIFY\">En compliment de la normativa de distribuci\u00f3 d&#8217;assegurances, abans de la contractaci\u00f3 es facilitar\u00e0 al client, de manera <b>clara, comprensible i gratu\u00efta<\/b> :<\/p><ul><li><p align=\"JUSTIFY\">La informaci\u00f3 sobre la identitat de la corredoria, el registre i els mitjans de contacte.<\/p><\/li><li><p align=\"JUSTIFY\">La informaci\u00f3 sobre la naturalesa de la remuneraci\u00f3.<\/p><\/li><li><p align=\"JUSTIFY\">El document dinformaci\u00f3 pr\u00e8via sobre el producte (IPID o document equivalent), quan sigui exigible.<\/p><\/li><li><p align=\"JUSTIFY\">La documentaci\u00f3 precontractual i la informaci\u00f3 contractual requerida per la legislaci\u00f3 aplicable.<\/p><\/li><\/ul><p align=\"JUSTIFY\">Aix\u00ed mateix, el client rebr\u00e0 la informaci\u00f3 en mat\u00e8ria de <b>protecci\u00f3 de dades personals<\/b> (Pol\u00edtica de Privadesa) i, si escau, la informaci\u00f3 sobre el Canal de Den\u00fancies i altres mecanismes de compliment que li resultin aplicables.<\/p>\t\t\t\t\t\t\t\t<\/div>\n\t\t\t\t<\/div>\n\t\t\t\t<div class=\"elementor-element elementor-element-ff12c3c elementor-widget elementor-widget-text-editor\" data-id=\"ff12c3c\" data-element_type=\"widget\" data-e-type=\"widget\" data-widget_type=\"text-editor.default\">\n\t\t\t\t<div class=\"elementor-widget-container\">\n\t\t\t\t\t\t\t\t\t<p align=\"JUSTIFY\"><b>8. Reclamacions i servei datenci\u00f3 al client<\/b><\/p><p align=\"JUSTIFY\">Els clients de M. PIQUE CORREDUR\u00cdA T\u00c8CNICA D&#8217;ASSEGURANCES, SA disposen d&#8217;un <b>procediment de reclamacions i servei d&#8217;atenci\u00f3 al client<\/b> , a trav\u00e9s del qual poden presentar queixes, reclamacions o consultes relacionades amb els serveis de mediaci\u00f3.<\/p><p align=\"JUSTIFY\"><b>Servei d&#8217;atenci\u00f3 al Client (SAC):<\/b><\/p><p align=\"JUSTIFY\">Correu electr\u00f2nic: <a href=\"mailto:info@solventoconsulting.com\">info@solventoconsulting.com<\/a><\/p><p align=\"JUSTIFY\">Correu postal: carrer Arag\u00f3, n\u00fam. 208 6\u00e8 5a 08011 Barcelona<\/p><p align=\"JUSTIFY\">En cas de disconformitat amb la resposta o d&#8217;abs\u00e8ncia de resposta en els terminis legals, el client podr\u00e0 acudir al <b>Servei de Reclamacions de la DGSFP<\/b> , d&#8217;acord amb el que preveu la normativa de protecci\u00f3 del client de serveis financers.<\/p>\t\t\t\t\t\t\t\t<\/div>\n\t\t\t\t<\/div>\n\t\t\t\t<div class=\"elementor-element elementor-element-e68ba8e elementor-widget elementor-widget-text-editor\" data-id=\"e68ba8e\" data-element_type=\"widget\" data-e-type=\"widget\" data-widget_type=\"text-editor.default\">\n\t\t\t\t<div class=\"elementor-widget-container\">\n\t\t\t\t\t\t\t\t\t<p align=\"JUSTIFY\"><b>9. Comprom\u00eds d&#8217;actualitzaci\u00f3<\/b><\/p><p align=\"JUSTIFY\">M. PIQUE CORREDUR\u00cdA T\u00c8CNICA D&#8217;ASSEGURANCES, SA es compromet a mantenir aquesta Pol\u00edtica de Transpar\u00e8ncia <b>actualitzada<\/b> , revisant-la quan es produeixin canvis normatius rellevants, modificacions en el seu model de negoci o en les seves relacions amb entitats asseguradores.<\/p><p align=\"JUSTIFY\">La versi\u00f3 vigent estar\u00e0 sempre disponible al Lloc Web i podr\u00e0 sol\u00b7licitar-se en qualsevol moment a les nostres oficines.<\/p>\t\t\t\t\t\t\t\t<\/div>\n\t\t\t\t<\/div>\n\t\t\t\t\t<\/div>\n\t\t\t\t<\/div>\n\t\t\t\t<\/div>\n\t\t","protected":false},"excerpt":{"rendered":"<p>POL\u00cdTICA DE TRANSPAR\u00c8NCIA L&#8217;activitat professional de les corredories d&#8217;assegurances est\u00e0 regulada pel Reial decret llei 3\/2020 , que transposa la Directiva (UE) 2016\/97 sobre la distribuci\u00f3 d&#8217;assegurances, i per la resta de normativa de supervisi\u00f3 i ordenaci\u00f3 de l&#8217;asseguran\u00e7a privada, garantint la protecci\u00f3 dels drets dels clients. Aquesta Pol\u00edtica de Transpar\u00e8ncia t\u00e9 per objecte informar [&hellip;]<\/p>\n","protected":false},"author":3,"featured_media":0,"parent":0,"menu_order":0,"comment_status":"closed","ping_status":"closed","template":"","meta":{"_acf_changed":false,"inline_featured_image":false,"footnotes":""},"class_list":["post-5333","page","type-page","status-publish","hentry"],"acf":[],"yoast_head":"<!-- This site is optimized with the Yoast SEO plugin v27.5 - https:\/\/yoast.com\/product\/yoast-seo-wordpress\/ -->\n<title>\u25b7Pol\u00edtica de transpar\u00e8ncia - \u3010 M Piqu\u00e9 SA | Corredur\u00eda de seguros \u3011<\/title>\n<meta name=\"description\" content=\"POL\u00cdTICA DE TRANSPAR\u00c8NCIA L&#039;activitat professional de les corredories d&#039;assegurances est\u00e0 regulada pel Reial decret llei 3\/2020 , que transposa la \u2713\" \/>\n<meta name=\"robots\" content=\"noindex, nofollow\" \/>\n<meta property=\"og:locale\" content=\"ca_ES\" \/>\n<meta property=\"og:type\" content=\"article\" \/>\n<meta property=\"og:title\" content=\"\u25b7Pol\u00edtica de transpar\u00e8ncia - \u3010 M Piqu\u00e9 SA | Corredur\u00eda de seguros \u3011\" \/>\n<meta property=\"og:description\" content=\"POL\u00cdTICA DE TRANSPAR\u00c8NCIA L&#039;activitat professional de les corredories d&#039;assegurances est\u00e0 regulada pel Reial decret llei 3\/2020 , que transposa la \u2713\" \/>\n<meta property=\"og:url\" content=\"https:\/\/mpique-sa.es\/ca\/politica-de-transparencia\/\" \/>\n<meta property=\"og:site_name\" content=\"M Piqu\u00e9 SA | Corredur\u00eda de seguros\" \/>\n<meta property=\"article:modified_time\" content=\"2026-03-24T08:46:02+00:00\" \/>\n<meta name=\"twitter:card\" content=\"summary_large_image\" \/>\n<meta name=\"twitter:label1\" content=\"Temps estimat de lectura\" \/>\n\t<meta name=\"twitter:data1\" content=\"5 minuts\" \/>\n<script type=\"application\/ld+json\" class=\"yoast-schema-graph\">{\"@context\":\"https:\\\/\\\/schema.org\",\"@graph\":[{\"@type\":\"WebPage\",\"@id\":\"https:\\\/\\\/mpique-sa.es\\\/ca\\\/politica-de-transparencia\\\/\",\"url\":\"https:\\\/\\\/mpique-sa.es\\\/ca\\\/politica-de-transparencia\\\/\",\"name\":\"\u25b7Pol\u00edtica de transpar\u00e8ncia - \u3010 M Piqu\u00e9 SA | Corredur\u00eda de seguros \u3011\",\"isPartOf\":{\"@id\":\"https:\\\/\\\/mpique-sa.es\\\/#website\"},\"datePublished\":\"2026-03-24T08:38:59+00:00\",\"dateModified\":\"2026-03-24T08:46:02+00:00\",\"description\":\"POL\u00cdTICA DE TRANSPAR\u00c8NCIA L'activitat professional de les corredories d'assegurances est\u00e0 regulada pel Reial decret llei 3\\\/2020 , que transposa la \u2713\",\"breadcrumb\":{\"@id\":\"https:\\\/\\\/mpique-sa.es\\\/ca\\\/politica-de-transparencia\\\/#breadcrumb\"},\"inLanguage\":\"ca\",\"potentialAction\":[{\"@type\":\"ReadAction\",\"target\":[\"https:\\\/\\\/mpique-sa.es\\\/ca\\\/politica-de-transparencia\\\/\"]}]},{\"@type\":\"BreadcrumbList\",\"@id\":\"https:\\\/\\\/mpique-sa.es\\\/ca\\\/politica-de-transparencia\\\/#breadcrumb\",\"itemListElement\":[{\"@type\":\"ListItem\",\"position\":1,\"name\":\"Portada\",\"item\":\"https:\\\/\\\/mpique-sa.es\\\/ca\\\/inici\\\/\"},{\"@type\":\"ListItem\",\"position\":2,\"name\":\"Pol\u00edtica de transpar\u00e8ncia\"}]},{\"@type\":\"WebSite\",\"@id\":\"https:\\\/\\\/mpique-sa.es\\\/#website\",\"url\":\"https:\\\/\\\/mpique-sa.es\\\/\",\"name\":\"M Piqu\u00e9 SA | Corredur\u00eda de seguros\",\"description\":\"\",\"publisher\":{\"@id\":\"https:\\\/\\\/mpique-sa.es\\\/#organization\"},\"potentialAction\":[{\"@type\":\"SearchAction\",\"target\":{\"@type\":\"EntryPoint\",\"urlTemplate\":\"https:\\\/\\\/mpique-sa.es\\\/?s={search_term_string}\"},\"query-input\":{\"@type\":\"PropertyValueSpecification\",\"valueRequired\":true,\"valueName\":\"search_term_string\"}}],\"inLanguage\":\"ca\"},{\"@type\":\"Organization\",\"@id\":\"https:\\\/\\\/mpique-sa.es\\\/#organization\",\"name\":\"M Piqu\u00e9 SA | Corredur\u00eda de seguros\",\"url\":\"https:\\\/\\\/mpique-sa.es\\\/\",\"logo\":{\"@type\":\"ImageObject\",\"inLanguage\":\"ca\",\"@id\":\"https:\\\/\\\/mpique-sa.es\\\/#\\\/schema\\\/logo\\\/image\\\/\",\"url\":\"https:\\\/\\\/mpique-sa.es\\\/wp-content\\\/uploads\\\/2021\\\/10\\\/Captura-de-pantalla-2025-09-08-a-las-12.41.59-1.svg\",\"contentUrl\":\"https:\\\/\\\/mpique-sa.es\\\/wp-content\\\/uploads\\\/2021\\\/10\\\/Captura-de-pantalla-2025-09-08-a-las-12.41.59-1.svg\",\"width\":200,\"height\":68,\"caption\":\"M Piqu\u00e9 SA | Corredur\u00eda de seguros\"},\"image\":{\"@id\":\"https:\\\/\\\/mpique-sa.es\\\/#\\\/schema\\\/logo\\\/image\\\/\"}}]}<\/script>\n<!-- \/ Yoast SEO plugin. -->","yoast_head_json":{"title":"\u25b7Pol\u00edtica de transpar\u00e8ncia - \u3010 M Piqu\u00e9 SA | Corredur\u00eda de seguros \u3011","description":"POL\u00cdTICA DE TRANSPAR\u00c8NCIA L'activitat professional de les corredories d'assegurances est\u00e0 regulada pel Reial decret llei 3\/2020 , que transposa la \u2713","robots":{"index":"noindex","follow":"nofollow"},"og_locale":"ca_ES","og_type":"article","og_title":"\u25b7Pol\u00edtica de transpar\u00e8ncia - \u3010 M Piqu\u00e9 SA | Corredur\u00eda de seguros \u3011","og_description":"POL\u00cdTICA DE TRANSPAR\u00c8NCIA L'activitat professional de les corredories d'assegurances est\u00e0 regulada pel Reial decret llei 3\/2020 , que transposa la \u2713","og_url":"https:\/\/mpique-sa.es\/ca\/politica-de-transparencia\/","og_site_name":"M Piqu\u00e9 SA | Corredur\u00eda de seguros","article_modified_time":"2026-03-24T08:46:02+00:00","twitter_card":"summary_large_image","twitter_misc":{"Temps estimat de lectura":"5 minuts"},"schema":{"@context":"https:\/\/schema.org","@graph":[{"@type":"WebPage","@id":"https:\/\/mpique-sa.es\/ca\/politica-de-transparencia\/","url":"https:\/\/mpique-sa.es\/ca\/politica-de-transparencia\/","name":"\u25b7Pol\u00edtica de transpar\u00e8ncia - \u3010 M Piqu\u00e9 SA | Corredur\u00eda de seguros \u3011","isPartOf":{"@id":"https:\/\/mpique-sa.es\/#website"},"datePublished":"2026-03-24T08:38:59+00:00","dateModified":"2026-03-24T08:46:02+00:00","description":"POL\u00cdTICA DE TRANSPAR\u00c8NCIA L'activitat professional de les corredories d'assegurances est\u00e0 regulada pel Reial decret llei 3\/2020 , que transposa la \u2713","breadcrumb":{"@id":"https:\/\/mpique-sa.es\/ca\/politica-de-transparencia\/#breadcrumb"},"inLanguage":"ca","potentialAction":[{"@type":"ReadAction","target":["https:\/\/mpique-sa.es\/ca\/politica-de-transparencia\/"]}]},{"@type":"BreadcrumbList","@id":"https:\/\/mpique-sa.es\/ca\/politica-de-transparencia\/#breadcrumb","itemListElement":[{"@type":"ListItem","position":1,"name":"Portada","item":"https:\/\/mpique-sa.es\/ca\/inici\/"},{"@type":"ListItem","position":2,"name":"Pol\u00edtica de transpar\u00e8ncia"}]},{"@type":"WebSite","@id":"https:\/\/mpique-sa.es\/#website","url":"https:\/\/mpique-sa.es\/","name":"M Piqu\u00e9 SA | Corredur\u00eda de seguros","description":"","publisher":{"@id":"https:\/\/mpique-sa.es\/#organization"},"potentialAction":[{"@type":"SearchAction","target":{"@type":"EntryPoint","urlTemplate":"https:\/\/mpique-sa.es\/?s={search_term_string}"},"query-input":{"@type":"PropertyValueSpecification","valueRequired":true,"valueName":"search_term_string"}}],"inLanguage":"ca"},{"@type":"Organization","@id":"https:\/\/mpique-sa.es\/#organization","name":"M Piqu\u00e9 SA | Corredur\u00eda de seguros","url":"https:\/\/mpique-sa.es\/","logo":{"@type":"ImageObject","inLanguage":"ca","@id":"https:\/\/mpique-sa.es\/#\/schema\/logo\/image\/","url":"https:\/\/mpique-sa.es\/wp-content\/uploads\/2021\/10\/Captura-de-pantalla-2025-09-08-a-las-12.41.59-1.svg","contentUrl":"https:\/\/mpique-sa.es\/wp-content\/uploads\/2021\/10\/Captura-de-pantalla-2025-09-08-a-las-12.41.59-1.svg","width":200,"height":68,"caption":"M Piqu\u00e9 SA | Corredur\u00eda de seguros"},"image":{"@id":"https:\/\/mpique-sa.es\/#\/schema\/logo\/image\/"}}]}},"_links":{"self":[{"href":"https:\/\/mpique-sa.es\/ca\/wp-json\/wp\/v2\/pages\/5333","targetHints":{"allow":["GET"]}}],"collection":[{"href":"https:\/\/mpique-sa.es\/ca\/wp-json\/wp\/v2\/pages"}],"about":[{"href":"https:\/\/mpique-sa.es\/ca\/wp-json\/wp\/v2\/types\/page"}],"author":[{"embeddable":true,"href":"https:\/\/mpique-sa.es\/ca\/wp-json\/wp\/v2\/users\/3"}],"replies":[{"embeddable":true,"href":"https:\/\/mpique-sa.es\/ca\/wp-json\/wp\/v2\/comments?post=5333"}],"version-history":[{"count":1,"href":"https:\/\/mpique-sa.es\/ca\/wp-json\/wp\/v2\/pages\/5333\/revisions"}],"predecessor-version":[{"id":5334,"href":"https:\/\/mpique-sa.es\/ca\/wp-json\/wp\/v2\/pages\/5333\/revisions\/5334"}],"wp:attachment":[{"href":"https:\/\/mpique-sa.es\/ca\/wp-json\/wp\/v2\/media?parent=5333"}],"curies":[{"name":"wp","href":"https:\/\/api.w.org\/{rel}","templated":true}]}}